{"id":179,"date":"2024-11-30T14:53:14","date_gmt":"2024-11-30T13:53:14","guid":{"rendered":"https:\/\/blog.vesselplus.com\/?page_id=179"},"modified":"2025-04-04T15:30:32","modified_gmt":"2025-04-04T13:30:32","slug":"personvernerklaering","status":"publish","type":"page","link":"https:\/\/blog.vesselplus.com\/no\/personvernerklaering\/","title":{"rendered":"Personvernerkl\u00e6ring"},"content":{"rendered":"\n<p>Denne personvernerkl\u00e6ringen forklarer hvordan Vessel Plus samler inn og bruker informasjon om bes\u00f8kende p\u00e5 nettstedet v\u00e5rt. Den gir informasjon du har krav p\u00e5 n\u00e5r data samles inn via nettstedet v\u00e5rt, og generell informasjon om hvordan vi behandler personopplysninger.<\/p>\n\n\n\n<p>Vessel Plus, representert ved sin ledelse, er ansvarlig for h\u00e5ndtering av personopplysninger p\u00e5 v\u00e5r plattform.<\/p>\n\n\n\n<h3 class=\"wp-block-heading\">Tjenester fra tredjeparter<\/h3>\n\n\n\n<p>Selv om Vessel Plus er ansvarlig for innholdet p\u00e5 nettstedet v\u00e5rt, kan du bli omdirigert til tredjepartsplattformer n\u00e5r du f\u00e5r tilgang til spesifikke tjenester eller ressurser. Disse tredjepartene er ansvarlige for sine egne personvernpraksiser og kan bruke andre analyseverkt\u00f8y eller lagre andre data enn det Vessel Plus gj\u00f8r.<\/p>\n\n\n\n<hr class=\"wp-block-separator has-alpha-channel-opacity\"\/>\n\n\n\n<h3 class=\"wp-block-heading\">Webanalyse og informasjonskapsler<\/h3>\n\n\n\n<p>For \u00e5 forbedre brukeropplevelsen analyserer vi bes\u00f8kendes bruksm\u00f8nstre p\u00e5 nettstedet ved hjelp av <strong>Google Analytics<\/strong>. Dette verkt\u00f8yet bruker informasjonskapsler (sm\u00e5 tekstfiler som lagres p\u00e5 enheten din) for \u00e5 samle inn data, inkludert IP-adresser, som hjelper oss \u00e5 forst\u00e5 brukeratferd. Eksempler p\u00e5 informasjon vi samler inn:<\/p>\n\n\n\n<ul class=\"wp-block-list\">\n<li>Antall bes\u00f8kende p\u00e5 spesifikke sider.<\/li>\n\n\n\n<li>Varighet av bes\u00f8k.<\/li>\n\n\n\n<li>Kilder til trafikk.<\/li>\n\n\n\n<li>Typer nettlesere som brukes.<\/li>\n<\/ul>\n\n\n\n<p>Ingen informasjonskapsler kobles til enkeltpersoner, og data relatert til informasjonskapsler slettes automatisk etter 14 m\u00e5neder. Du kan administrere bruken av informasjonskapsler i nettleserinnstillingene dine.<\/p>\n\n\n\n<p>Google Analytics-data lagres p\u00e5 Googles servere i USA og er underlagt Googles personvernregler. IP-adresser anonymiseres f\u00f8r lagring for \u00e5 sikre at de ikke kan identifisere enkeltbrukere.<\/p>\n\n\n\n<p>I tillegg logger webserverne v\u00e5re IP-adresser, tidsstempler, nettadresser og nettlesertype i 15 dager for sikkerhetsform\u00e5l, f\u00f8r loggene slettes.<\/p>\n\n\n\n<hr class=\"wp-block-separator has-alpha-channel-opacity\"\/>\n\n\n\n<h3 class=\"wp-block-heading\">S\u00f8keinformasjon<\/h3>\n\n\n\n<p>S\u00f8keord som brukes p\u00e5 nettstedet v\u00e5rt, lagres i <strong>aggregert<\/strong> form for \u00e5 hjelpe oss med \u00e5 forbedre innholdet. Kun s\u00f8keordene lagres, og de kan ikke knyttes til enkeltbrukere eller IP-adresser.<\/p>\n\n\n\n<hr class=\"wp-block-separator has-alpha-channel-opacity\"\/>\n\n\n\n<h3 class=\"wp-block-heading\">Deling og sosiale medier<\/h3>\n\n\n\n<p>V\u00e5r &laquo;Del&raquo;-funksjon lar deg dele lenker via e-post eller sosiale medier. Vi logger ingen informasjon knyttet til deling. Tredjepartsplattformer kan imidlertid lagre data n\u00e5r du bruker deres tjenester. Bruk disse funksjonene ansvarlig.<\/p>\n\n\n\n<hr class=\"wp-block-separator has-alpha-channel-opacity\"\/>\n\n\n\n<h3 class=\"wp-block-heading\">Videovisning<\/h3>\n\n\n\n<p>Vi bruker <strong>Vimeo<\/strong> til videohosting. Denne plattformen kan samle inn data om videoavspilling, for eksempel hvem som ser videoene og hvor lenge. Se deres personvernregler for mer informasjon.<\/p>\n\n\n\n<hr class=\"wp-block-separator has-alpha-channel-opacity\"\/>\n\n\n\n<h3 class=\"wp-block-heading\">Funksjonelle informasjonskapsler<\/h3>\n\n\n\n<p>Vi bruker informasjonskapsler for \u00e5 forbedre nettstedets funksjonalitet, som spr\u00e5kinstillinger, lastbalansering og personlig tilpasset innhold. For tjenester som krever innlogging eller s\u00f8k, sikrer informasjonskapsler riktig datavisning.<\/p>\n\n\n\n<hr class=\"wp-block-separator has-alpha-channel-opacity\"\/>\n\n\n\n<h3 class=\"wp-block-heading\">Sikkerhet<\/h3>\n\n\n\n<p>Noen funksjoner p\u00e5 Vessel Plus krever sikker innlogging. Vi bruker robuste sikkerhetstiltak for \u00e5 beskytte brukerdata. Les mer om sikkerhet p\u00e5 v\u00e5re dedikerte sider.<\/p>\n\n\n\n<hr class=\"wp-block-separator has-alpha-channel-opacity\"\/>\n\n\n\n<h3 class=\"wp-block-heading\">Brukerrettigheter<\/h3>\n\n\n\n<p>Som bruker har du rett til \u00e5 vite hvordan dine personopplysninger behandles. Denne erkl\u00e6ringen forklarer hvilke typer data vi samler inn og hvordan de brukes. Hvis du er registrert hos Vessel Plus, har du rett til:<\/p>\n\n\n\n<ul class=\"wp-block-list\">\n<li>Innsyn i dine personopplysninger.<\/li>\n\n\n\n<li>Kreve retting eller sletting av uriktige opplysninger.<\/li>\n<\/ul>\n\n\n\n<p>Foresp\u00f8rsler behandles kostnadsfritt og innen 30 dager. For sp\u00f8rsm\u00e5l, kontakt v\u00e5rt personvernombud p\u00e5 <a>privacy@vesselplus.com<\/a>.<\/p>\n","protected":false},"excerpt":{"rendered":"<p>Denne personvernerkl\u00e6ringen forklarer hvordan Vessel Plus samler inn og bruker informasjon om bes\u00f8kende p\u00e5 nettstedet v\u00e5rt. Den gir informasjon du<\/p>\n","protected":false},"author":1,"featured_media":0,"parent":0,"menu_order":0,"comment_status":"closed","ping_status":"open","template":"","meta":{"_tutorstarter_page_metadata":[],"footnotes":""},"class_list":["post-179","page","type-page","status-publish","hentry"],"yoast_head":"<!-- This site is optimized with the Yoast SEO plugin v24.9 - https:\/\/yoast.com\/wordpress\/plugins\/seo\/ -->\n<title>Personvernerkl\u00e6ring - Vessel Plus Blog<\/title>\n<meta name=\"robots\" content=\"index, follow, max-snippet:-1, max-image-preview:large, max-video-preview:-1\" \/>\n<link rel=\"canonical\" href=\"https:\/\/blog.vesselplus.com\/no\/personvernerklaering\/\" \/>\n<meta property=\"og:locale\" content=\"nb_NO\" \/>\n<meta property=\"og:type\" content=\"article\" \/>\n<meta property=\"og:title\" content=\"Personvernerkl\u00e6ring - Vessel Plus Blog\" \/>\n<meta property=\"og:description\" content=\"Denne personvernerkl\u00e6ringen forklarer hvordan Vessel Plus samler inn og bruker informasjon om bes\u00f8kende p\u00e5 nettstedet v\u00e5rt. Den gir informasjon du\" \/>\n<meta property=\"og:url\" content=\"https:\/\/blog.vesselplus.com\/no\/personvernerklaering\/\" \/>\n<meta property=\"og:site_name\" content=\"Vessel Plus Blog\" \/>\n<meta property=\"article:publisher\" content=\"https:\/\/www.facebook.com\/vesselplus\" \/>\n<meta property=\"article:modified_time\" content=\"2025-04-04T13:30:32+00:00\" \/>\n<meta name=\"twitter:card\" content=\"summary_large_image\" \/>\n<meta name=\"twitter:site\" content=\"@vesselplus\" \/>\n<meta name=\"twitter:label1\" content=\"Ansl. lesetid\" \/>\n\t<meta name=\"twitter:data1\" content=\"2 minutter\" \/>\n<script type=\"application\/ld+json\" class=\"yoast-schema-graph\">{\"@context\":\"https:\/\/schema.org\",\"@graph\":[{\"@type\":\"WebPage\",\"@id\":\"https:\/\/blog.vesselplus.com\/no\/personvernerklaering\/\",\"url\":\"https:\/\/blog.vesselplus.com\/no\/personvernerklaering\/\",\"name\":\"Personvernerkl\u00e6ring - Vessel Plus Blog\",\"isPartOf\":{\"@id\":\"https:\/\/blog.vesselplus.com\/no\/#website\"},\"datePublished\":\"2024-11-30T13:53:14+00:00\",\"dateModified\":\"2025-04-04T13:30:32+00:00\",\"breadcrumb\":{\"@id\":\"https:\/\/blog.vesselplus.com\/no\/personvernerklaering\/#breadcrumb\"},\"inLanguage\":\"nb-NO\",\"potentialAction\":[{\"@type\":\"ReadAction\",\"target\":[\"https:\/\/blog.vesselplus.com\/no\/personvernerklaering\/\"]}]},{\"@type\":\"BreadcrumbList\",\"@id\":\"https:\/\/blog.vesselplus.com\/no\/personvernerklaering\/#breadcrumb\",\"itemListElement\":[{\"@type\":\"ListItem\",\"position\":1,\"name\":\"Home\",\"item\":\"https:\/\/blog.vesselplus.com\/no\/\"},{\"@type\":\"ListItem\",\"position\":2,\"name\":\"Personvernerkl\u00e6ring\"}]},{\"@type\":\"WebSite\",\"@id\":\"https:\/\/blog.vesselplus.com\/no\/#website\",\"url\":\"https:\/\/blog.vesselplus.com\/no\/\",\"name\":\"Vessel Plus Blog\",\"description\":\"vesselplus.com\",\"publisher\":{\"@id\":\"https:\/\/blog.vesselplus.com\/no\/#organization\"},\"potentialAction\":[{\"@type\":\"SearchAction\",\"target\":{\"@type\":\"EntryPoint\",\"urlTemplate\":\"https:\/\/blog.vesselplus.com\/no\/?s={search_term_string}\"},\"query-input\":{\"@type\":\"PropertyValueSpecification\",\"valueRequired\":true,\"valueName\":\"search_term_string\"}}],\"inLanguage\":\"nb-NO\"},{\"@type\":\"Organization\",\"@id\":\"https:\/\/blog.vesselplus.com\/no\/#organization\",\"name\":\"Vessel Plus AS\",\"url\":\"https:\/\/blog.vesselplus.com\/no\/\",\"logo\":{\"@type\":\"ImageObject\",\"inLanguage\":\"nb-NO\",\"@id\":\"https:\/\/blog.vesselplus.com\/no\/#\/schema\/logo\/image\/\",\"url\":\"https:\/\/blog.vesselplus.com\/wp-content\/uploads\/2025\/04\/Vessel-Plus-Logo-Large.png\",\"contentUrl\":\"https:\/\/blog.vesselplus.com\/wp-content\/uploads\/2025\/04\/Vessel-Plus-Logo-Large.png\",\"width\":432,\"height\":501,\"caption\":\"Vessel Plus AS\"},\"image\":{\"@id\":\"https:\/\/blog.vesselplus.com\/no\/#\/schema\/logo\/image\/\"},\"sameAs\":[\"https:\/\/www.facebook.com\/vesselplus\",\"https:\/\/x.com\/vesselplus\"]}]}<\/script>\n<!-- \/ Yoast SEO plugin. -->","yoast_head_json":{"title":"Personvernerkl\u00e6ring - Vessel Plus Blog","robots":{"index":"index","follow":"follow","max-snippet":"max-snippet:-1","max-image-preview":"max-image-preview:large","max-video-preview":"max-video-preview:-1"},"canonical":"https:\/\/blog.vesselplus.com\/no\/personvernerklaering\/","og_locale":"nb_NO","og_type":"article","og_title":"Personvernerkl\u00e6ring - Vessel Plus Blog","og_description":"Denne personvernerkl\u00e6ringen forklarer hvordan Vessel Plus samler inn og bruker informasjon om bes\u00f8kende p\u00e5 nettstedet v\u00e5rt. Den gir informasjon du","og_url":"https:\/\/blog.vesselplus.com\/no\/personvernerklaering\/","og_site_name":"Vessel Plus Blog","article_publisher":"https:\/\/www.facebook.com\/vesselplus","article_modified_time":"2025-04-04T13:30:32+00:00","twitter_card":"summary_large_image","twitter_site":"@vesselplus","twitter_misc":{"Ansl. lesetid":"2 minutter"},"schema":{"@context":"https:\/\/schema.org","@graph":[{"@type":"WebPage","@id":"https:\/\/blog.vesselplus.com\/no\/personvernerklaering\/","url":"https:\/\/blog.vesselplus.com\/no\/personvernerklaering\/","name":"Personvernerkl\u00e6ring - Vessel Plus Blog","isPartOf":{"@id":"https:\/\/blog.vesselplus.com\/no\/#website"},"datePublished":"2024-11-30T13:53:14+00:00","dateModified":"2025-04-04T13:30:32+00:00","breadcrumb":{"@id":"https:\/\/blog.vesselplus.com\/no\/personvernerklaering\/#breadcrumb"},"inLanguage":"nb-NO","potentialAction":[{"@type":"ReadAction","target":["https:\/\/blog.vesselplus.com\/no\/personvernerklaering\/"]}]},{"@type":"BreadcrumbList","@id":"https:\/\/blog.vesselplus.com\/no\/personvernerklaering\/#breadcrumb","itemListElement":[{"@type":"ListItem","position":1,"name":"Home","item":"https:\/\/blog.vesselplus.com\/no\/"},{"@type":"ListItem","position":2,"name":"Personvernerkl\u00e6ring"}]},{"@type":"WebSite","@id":"https:\/\/blog.vesselplus.com\/no\/#website","url":"https:\/\/blog.vesselplus.com\/no\/","name":"Vessel Plus Blog","description":"vesselplus.com","publisher":{"@id":"https:\/\/blog.vesselplus.com\/no\/#organization"},"potentialAction":[{"@type":"SearchAction","target":{"@type":"EntryPoint","urlTemplate":"https:\/\/blog.vesselplus.com\/no\/?s={search_term_string}"},"query-input":{"@type":"PropertyValueSpecification","valueRequired":true,"valueName":"search_term_string"}}],"inLanguage":"nb-NO"},{"@type":"Organization","@id":"https:\/\/blog.vesselplus.com\/no\/#organization","name":"Vessel Plus AS","url":"https:\/\/blog.vesselplus.com\/no\/","logo":{"@type":"ImageObject","inLanguage":"nb-NO","@id":"https:\/\/blog.vesselplus.com\/no\/#\/schema\/logo\/image\/","url":"https:\/\/blog.vesselplus.com\/wp-content\/uploads\/2025\/04\/Vessel-Plus-Logo-Large.png","contentUrl":"https:\/\/blog.vesselplus.com\/wp-content\/uploads\/2025\/04\/Vessel-Plus-Logo-Large.png","width":432,"height":501,"caption":"Vessel Plus AS"},"image":{"@id":"https:\/\/blog.vesselplus.com\/no\/#\/schema\/logo\/image\/"},"sameAs":["https:\/\/www.facebook.com\/vesselplus","https:\/\/x.com\/vesselplus"]}]}},"_links":{"self":[{"href":"https:\/\/blog.vesselplus.com\/no\/wp-json\/wp\/v2\/pages\/179","targetHints":{"allow":["GET"]}}],"collection":[{"href":"https:\/\/blog.vesselplus.com\/no\/wp-json\/wp\/v2\/pages"}],"about":[{"href":"https:\/\/blog.vesselplus.com\/no\/wp-json\/wp\/v2\/types\/page"}],"author":[{"embeddable":true,"href":"https:\/\/blog.vesselplus.com\/no\/wp-json\/wp\/v2\/users\/1"}],"replies":[{"embeddable":true,"href":"https:\/\/blog.vesselplus.com\/no\/wp-json\/wp\/v2\/comments?post=179"}],"version-history":[{"count":1,"href":"https:\/\/blog.vesselplus.com\/no\/wp-json\/wp\/v2\/pages\/179\/revisions"}],"predecessor-version":[{"id":180,"href":"https:\/\/blog.vesselplus.com\/no\/wp-json\/wp\/v2\/pages\/179\/revisions\/180"}],"wp:attachment":[{"href":"https:\/\/blog.vesselplus.com\/no\/wp-json\/wp\/v2\/media?parent=179"}],"curies":[{"name":"wp","href":"https:\/\/api.w.org\/{rel}","templated":true}]}}