{"id":5313,"date":"2025-04-04T13:37:21","date_gmt":"2025-04-04T11:37:21","guid":{"rendered":"https:\/\/blog.vesselplus.com\/?page_id=5313"},"modified":"2025-04-07T22:11:57","modified_gmt":"2025-04-07T20:11:57","slug":"kurs-liste","status":"publish","type":"page","link":"https:\/\/blog.vesselplus.com\/no\/kurs-liste\/","title":{"rendered":"Kurs"},"content":{"rendered":"\t\t<div data-elementor-type=\"wp-page\" data-elementor-id=\"5313\" class=\"elementor elementor-5313 elementor-5310\">\n\t\t\t\t<div class=\"elementor-element elementor-element-cf6cc51 e-flex e-con-boxed e-con e-parent\" data-id=\"cf6cc51\" data-element_type=\"container\">\n\t\t\t\t\t<div class=\"e-con-inner\">\n\t\t\t\t<div class=\"elementor-element elementor-element-4f71ad85 elementor-widget elementor-widget-text-editor\" data-id=\"4f71ad85\" data-element_type=\"widget\" data-widget_type=\"text-editor.default\">\n\t\t\t\t<div class=\"elementor-widget-container\">\n\t\t\t\t\t\t\t\t\t<p><span style=\"color: var( --e-global-color-text ); font-family: var( --e-global-typography-text-font-family ), Sans-serif; font-weight: var( --e-global-typography-text-font-weight ); text-align: var(--text-align); background-color: var(--body-bg-color); font-size: var(--body-font-size); text-transform: var(--body-text-transform);\">Gjennom \u00e5 tilby kurs \u00f8nsker <\/span><strong style=\"color: var( --e-global-color-text ); font-family: var( --e-global-typography-text-font-family ), Sans-serif; text-align: var(--text-align); background-color: var(--body-bg-color); font-size: var(--body-font-size); text-transform: var(--body-text-transform);\">Vessel Plus<\/strong><span style=\"color: var( --e-global-color-text ); font-family: var( --e-global-typography-text-font-family ), Sans-serif; font-weight: var( --e-global-typography-text-font-weight ); text-align: var(--text-align); background-color: var(--body-bg-color); font-size: var(--body-font-size); text-transform: var(--body-text-transform);\"> \u00e5 styrke kompetansen og sikkerhetskulturen i maritim n\u00e6ring ved \u00e5 gj\u00f8re relevant kunnskap lett tilgjengelig for sj\u00f8folk og ledere. Dette f\u00f8rste kurset i Arbeidsmilj\u00f8, Sikkerhet og Helse (ASH) markerer starten p\u00e5 en satsing hvor praktisk oppl\u00e6ring, forst\u00e5else for regelverk og forebyggende tiltak st\u00e5r i sentrum. M\u00e5let er \u00e5 bidra til tryggere arbeidsplasser, redusert risiko og \u00f8kt bevissthet om ansvar og plikter om bord \u2013 slik at b\u00e5de mannskap og rederi f\u00e5r varig nytte av oppl\u00e6ringen.<\/span><\/p>\t\t\t\t\t\t\t\t<\/div>\n\t\t\t\t<\/div>\n\t\t\t\t\t<\/div>\n\t\t\t\t<\/div>\n\t\t<div class=\"elementor-element elementor-element-7b2e839 e-flex e-con-boxed e-con e-parent\" data-id=\"7b2e839\" data-element_type=\"container\">\n\t\t\t\t\t<div class=\"e-con-inner\">\n\t\t\t\t<div class=\"elementor-element elementor-element-6b7e258 elementor-widget elementor-widget-etlms-course-list tutor-addon etlms-course-list\" data-id=\"6b7e258\" data-element_type=\"widget\" data-widget_type=\"etlms-course-list.default\">\n\t\t\t\t<div class=\"elementor-widget-container\">\n\t\t\t\t\t<div class=\"tutor-wrap tutor-courses-wrap tutor-container etlms-course-list-main-wrap\">\n\t\t\t\t\t<div class=\"etlms-course-list-loop-wrap tutor-course-list tutor-grid tutor-grid-2\">\n\t\t\t\t\t\t\t<div class=\"etlms-course-list-col\">\n\t\t\t\t\t<div class=\"tutor-card tutor-course-card tutor-loop-course-container etlms-course-card-classic   etlms-has-hover-animation\">\n            <div class=\"tutor-course-thumbnail\">\n        <a href=\"https:\/\/blog.vesselplus.com\/no\/kurs\/ash-kurs-arbeidssikkerhet-og-hms\/\" class=\"tutor-d-block\">\n            <div class=\"tutor-ratio tutor-ratio-16x9\">\n                <img decoding=\"async\" class=\"tutor-card-image-top\" src=\"https:\/\/blog.vesselplus.com\/wp-content\/uploads\/2025\/04\/ChatGPT-Image-Apr-3-2025-11_02_06-AM-768x512.png\" alt=\"ASH Kurs &#8211; Arbeidssikkerhet og HMS\" loading=\"lazy\">\n            <\/div>\n        <\/a>\n    <\/div>\n<div class=\"tutor-course-bookmark\">\n    <span class=\"cart-required-login save-bookmark-btn tutor-iconic-btn tutor-iconic-btn-secondary\" data-course-id=\"5607\" role=\"button\">\n            <i class=\"tutor-icon-bookmark-line\"><\/i>\n        <\/span><\/div>\n\n    <div class=\"tutor-card-body\">\n        <div class=\"tutor-course-ratings tutor-mb-8\">\n    <div class=\"tutor-ratings\">\n        <div class=\"tutor-ratings-stars\">\n            <span class=\"tutor-icon-star-bold\" data-rating-value=\"1\"><\/span><span class=\"tutor-icon-star-bold\" data-rating-value=\"2\"><\/span><span class=\"tutor-icon-star-bold\" data-rating-value=\"3\"><\/span><span class=\"tutor-icon-star-half-bold\" data-rating-value=\"4\"><\/span><span class=\"tutor-icon-star-line\" data-rating-value=\"5\"><\/span>        <\/div>\n\n                    <div class=\"tutor-ratings-average\">3.80<\/div>\n            <div class=\"tutor-ratings-count\">(5)<\/div>\n            <\/div>\n<\/div>\n<h3 class=\"tutor-course-name tutor-fs-5 tutor-fw-medium tutor-mb-12\" title=\"ASH Kurs &#8211; Arbeidssikkerhet og HMS\">\n    <a href=\"https:\/\/blog.vesselplus.com\/no\/kurs\/ash-kurs-arbeidssikkerhet-og-hms\/\">ASH Kurs &#8211; Arbeidssikkerhet og HMS<\/a>\n<\/h3>\n<div class=\"tutor-meta tutor-mt-auto\">\n\t\t<div>\n\t\t<a href=\"#\" class=\"tutor-d-flex\">\n\t\t\t<div class=\"tutor-avatar\"><div class=\"tutor-ratio tutor-ratio-1x1\"><span class=\"tutor-avatar-text\">VP<\/span><\/div><\/div>\t\t<\/a>\n\t<\/div>\n\t\n\t<div>\n\t\t\t\t<span class=\"etlms-course-author-meta tutor-meta-key\">By<\/span>\n\t\t<a class=\"etlms-course-author-meta tutor-meta-value\" href=\"#\">Vessel Plus<\/a>\n\t\t\n\t\t\t<\/div>\n<\/div>\n    <\/div>\n\n    <div class=\"tutor-card-footer\">\n    \t\t\t\t<div class=\"tutor-d-flex tutor-align-center tutor-justify-between\">\n\t\t\t\t\t<div class=\"list-item-price tutor-d-flex tutor-align-center\">\n\t\t\t\t\t\t<span class=\"price tutor-fs-6 tutor-fw-bold tutor-color-black\">\n\t\t\t\t\t\t\t\t\t\t<div class=\"list-item-price tutor-item-price\">\n\t\t\t\t\t\t\t\t\t<span>kr1500<\/span>\n\t\t\t\t\t\t\t<\/div>\n\t\t\t\t\t\t\t\t\t\t\t<\/span>\n\t\t\t\t\t<\/div>\n\t\t\t\t\t<div class=\"list-item-button\"> \n\t\t\t\t\t\t\t\t\t<a href=\"https:\/\/blog.vesselplus.com\/no\/?post_type=page&#038;p=7563&#038;course_id=5607\" class=\"tutor-btn tutor-course-list-btn tutor-btn-outline-primary tutor-btn-block \">\n\t\t\t\tKj\u00f8p n\u00e5\t\t\t<\/a>\n\t\t\t\t\t\t\t\t<\/div>\n\t\t\t\t<\/div>\n\t\t\t<\/div>\n<\/div>\t\t\t\t<\/div>\n\t\t\t\t\t<\/div>\n\n\t\t\t\t\t\t\t<div class=\"etlms-course-list-pagination-wrap tutor-mt-32\">\n\t\t\t<div class=\"etlms-pagination prev-next\">\n\t\t\t\t\n\t\t\t\t\t\n\t\t\t\t\t\t<\/div>\n\t\t\t\t<\/div>\n<div class=\"tutor-modal tutor-login-modal\">\n\t<div class=\"tutor-modal-overlay\"><\/div>\n\t<div class=\"tutor-modal-window tutor-modal-window-sm\">\n\t\t<div class=\"tutor-modal-content tutor-modal-content-white\">\n\t\t\t<button class=\"tutor-iconic-btn tutor-modal-close-o\" data-tutor-modal-close>\n\t\t\t\t<span class=\"tutor-icon-times\" area-hidden=\"true\"><\/span>\n\t\t\t<\/button>\n\n\t\t\t<div class=\"tutor-modal-body\">\n\t\t\t\t<div class=\"tutor-py-48\">\n\t\t\t\t\t\t\t\t\t\t<div class=\"tutor-fs-4 tutor-fw-medium tutor-color-black tutor-mb-32\">Hei, og velkommen tilbake!<\/div>\n\t\t\t\t\t<form id=\"tutor-login-form\" method=\"post\">\n\t\t<input type=\"hidden\" id=\"_tutor_nonce\" name=\"_tutor_nonce\" value=\"8fa8b8b382\" \/><input type=\"hidden\" name=\"_wp_http_referer\" value=\"\/no\/wp-json\/wp\/v2\/pages\/5313\" \/>\t<input type=\"hidden\" name=\"tutor_action\" value=\"tutor_user_login\" \/>\n\t<input type=\"hidden\" name=\"redirect_to\" value=\"https:\/\/blog.vesselplus.com\/no\/wp-json\/wp\/v2\/pages\/5313\" \/>\n\n\t<div class=\"tutor-mb-20\">\n\t\t<input type=\"text\" class=\"tutor-form-control\" placeholder=\"Brukernavn eller e-postadresse\" name=\"log\" value=\"\" size=\"20\" required\/>\n\t<\/div>\n\n\t<div class=\"tutor-mb-32\">\n\t\t<input type=\"password\" class=\"tutor-form-control\" placeholder=\"Passord\" name=\"pwd\" value=\"\" size=\"20\" required\/>\n\t<\/div>\n\n\t<div class=\"tutor-login-error\"><\/div>\n\t\t\t<input type=\"hidden\" name=\"timezone\" value=\"Europe\/Oslo\" \/>\n\t\t<script>\n\t\t\tdocument.addEventListener('DOMContentLoaded', function() {\n\t\t\t\tconst timezone = document.querySelector('input[name=\"timezone\"]');\n\t\t\t\tif ( timezone) {\n\t\t\t\t\tconst tz = Intl.DateTimeFormat().resolvedOptions().timeZone;\n\t\t\t\t\ttimezone.value = tz\n\t\t\t\t}\n\t\t\t});\n\t\t<\/script>\n\t\t\t<div class=\"tutor-d-flex tutor-justify-between tutor-align-center tutor-mb-40\">\n\t\t<div class=\"tutor-form-check\">\n\t\t\t<input id=\"tutor-login-agmnt-1\" type=\"checkbox\" class=\"tutor-form-check-input tutor-bg-black-40\" name=\"rememberme\" value=\"forever\" \/>\n\t\t\t<label for=\"tutor-login-agmnt-1\" class=\"tutor-fs-7 tutor-color-muted\">\n\t\t\t\tLa meg v\u00e6re innlogget\t\t\t<\/label>\n\t\t<\/div>\n\t\t<a href=\"https:\/\/blog.vesselplus.com\/no\/dashboard\/retrieve-password\" class=\"tutor-btn tutor-btn-ghost\">\n\t\t\tGlemt passord?\t\t<\/a>\n\t<\/div>\n\n\t\t<button type=\"submit\" class=\"tutor-btn tutor-btn-primary tutor-btn-block\">\n\t\tLogg inn\t<\/button>\n\t\n\t\t\t\t\t<div class=\"tutor-text-center tutor-fs-6 tutor-color-secondary tutor-mt-20\">\n\t\t\tHar du ikke en konto?&nbsp;\n\t\t\t<a href=\"https:\/\/blog.vesselplus.com\/no\/student-registrering\/?redirect_to=https:\/\/blog.vesselplus.com\/no\/wp-json\/wp\/v2\/pages\/5313\" class=\"tutor-btn tutor-btn-link\">\n\t\t\t\tRegistrer deg n\u00e5\t\t\t<\/a>\n\t\t<\/div>\n\t\t<\/form>\n<script>\n\tdocument.addEventListener('DOMContentLoaded', function() {\n\t\tvar { __ } = wp.i18n;\n\t\tvar loginModal = document.querySelector('.tutor-modal.tutor-login-modal');\n\t\tvar errors = [];\n\t\tif (loginModal && errors.length) {\n\t\t\tloginModal.classList.add('tutor-is-active');\n\t\t}\n\t});\n<\/script>\n\n\t\t\t\t\t\t\t\t\t<\/div>\n\t\t\t\t\t\t<style>\n\t\t\t#tutor-pro-twitter-login {\n\t\t\t\twidth: 400px; background-color: #00acee; border-color: #00acee; font-weight: bold;\n\t\t\t}\n\t\t<\/style>\n\t\t<div id=\"tutor-pro-social-authentication\" class=\"tutor-pt-24 tutor-d-flex tutor-flex-column tutor-align-center tutor-border-top-light\" style=\"gap: 10px;\">\n\t\t\t\t\t<\/div>\n\t\t\t\t\t<\/div>\n\t\t<\/div>\n\t<\/div>\n<\/div>\n\t\t\t\t<\/div>\n\t\t\t\t<\/div>\n\t\t\t\t\t<\/div>\n\t\t\t\t<\/div>\n\t\t\t\t<\/div>\n\t\t","protected":false},"excerpt":{"rendered":"<p>Gjennom \u00e5 tilby kurs \u00f8nsker Vessel Plus \u00e5 styrke kompetansen og sikkerhetskulturen i maritim n\u00e6ring ved \u00e5 gj\u00f8re relevant kunnskap<\/p>\n","protected":false},"author":1,"featured_media":5321,"parent":0,"menu_order":0,"comment_status":"closed","ping_status":"closed","template":"","meta":{"_tutorstarter_page_metadata":[],"footnotes":""},"class_list":["post-5313","page","type-page","status-publish","has-post-thumbnail","hentry"],"yoast_head":"<!-- This site is optimized with the Yoast SEO plugin v24.9 - https:\/\/yoast.com\/wordpress\/plugins\/seo\/ -->\n<title>Kurs - Vessel Plus Blog<\/title>\n<meta name=\"robots\" content=\"index, follow, max-snippet:-1, max-image-preview:large, max-video-preview:-1\" \/>\n<link rel=\"canonical\" href=\"https:\/\/blog.vesselplus.com\/no\/kurs-liste\/\" \/>\n<meta property=\"og:locale\" content=\"nb_NO\" \/>\n<meta property=\"og:type\" content=\"article\" \/>\n<meta property=\"og:title\" content=\"Kurs - Vessel Plus Blog\" \/>\n<meta property=\"og:description\" content=\"Gjennom \u00e5 tilby kurs \u00f8nsker Vessel Plus \u00e5 styrke kompetansen og sikkerhetskulturen i maritim n\u00e6ring ved \u00e5 gj\u00f8re relevant kunnskap\" \/>\n<meta property=\"og:url\" content=\"https:\/\/blog.vesselplus.com\/no\/kurs-liste\/\" \/>\n<meta property=\"og:site_name\" content=\"Vessel Plus Blog\" \/>\n<meta property=\"article:publisher\" content=\"https:\/\/www.facebook.com\/vesselplus\" \/>\n<meta property=\"article:modified_time\" content=\"2025-04-07T20:11:57+00:00\" \/>\n<meta property=\"og:image\" content=\"https:\/\/blog.vesselplus.com\/wp-content\/uploads\/2025\/04\/pexels-photo-31113253.jpeg\" \/>\n\t<meta property=\"og:image:width\" content=\"1880\" \/>\n\t<meta property=\"og:image:height\" content=\"1253\" \/>\n\t<meta property=\"og:image:type\" content=\"image\/jpeg\" \/>\n<meta name=\"twitter:card\" content=\"summary_large_image\" \/>\n<meta name=\"twitter:site\" content=\"@vesselplus\" \/>\n<meta name=\"twitter:label1\" content=\"Ansl. lesetid\" \/>\n\t<meta name=\"twitter:data1\" content=\"1 minutt\" \/>\n<script type=\"application\/ld+json\" class=\"yoast-schema-graph\">{\"@context\":\"https:\/\/schema.org\",\"@graph\":[{\"@type\":\"WebPage\",\"@id\":\"https:\/\/blog.vesselplus.com\/no\/kurs-liste\/\",\"url\":\"https:\/\/blog.vesselplus.com\/no\/kurs-liste\/\",\"name\":\"Kurs - Vessel Plus Blog\",\"isPartOf\":{\"@id\":\"https:\/\/blog.vesselplus.com\/no\/#website\"},\"primaryImageOfPage\":{\"@id\":\"https:\/\/blog.vesselplus.com\/no\/kurs-liste\/#primaryimage\"},\"image\":{\"@id\":\"https:\/\/blog.vesselplus.com\/no\/kurs-liste\/#primaryimage\"},\"thumbnailUrl\":\"https:\/\/blog.vesselplus.com\/wp-content\/uploads\/2025\/04\/pexels-photo-31113253.jpeg\",\"datePublished\":\"2025-04-04T11:37:21+00:00\",\"dateModified\":\"2025-04-07T20:11:57+00:00\",\"breadcrumb\":{\"@id\":\"https:\/\/blog.vesselplus.com\/no\/kurs-liste\/#breadcrumb\"},\"inLanguage\":\"nb-NO\",\"potentialAction\":[{\"@type\":\"ReadAction\",\"target\":[\"https:\/\/blog.vesselplus.com\/no\/kurs-liste\/\"]}]},{\"@type\":\"ImageObject\",\"inLanguage\":\"nb-NO\",\"@id\":\"https:\/\/blog.vesselplus.com\/no\/kurs-liste\/#primaryimage\",\"url\":\"https:\/\/blog.vesselplus.com\/wp-content\/uploads\/2025\/04\/pexels-photo-31113253.jpeg\",\"contentUrl\":\"https:\/\/blog.vesselplus.com\/wp-content\/uploads\/2025\/04\/pexels-photo-31113253.jpeg\",\"width\":1880,\"height\":1253,\"caption\":\"Photo by Efrem Efre on Pexels.com\"},{\"@type\":\"BreadcrumbList\",\"@id\":\"https:\/\/blog.vesselplus.com\/no\/kurs-liste\/#breadcrumb\",\"itemListElement\":[{\"@type\":\"ListItem\",\"position\":1,\"name\":\"Home\",\"item\":\"https:\/\/blog.vesselplus.com\/no\/\"},{\"@type\":\"ListItem\",\"position\":2,\"name\":\"Kurs\"}]},{\"@type\":\"WebSite\",\"@id\":\"https:\/\/blog.vesselplus.com\/no\/#website\",\"url\":\"https:\/\/blog.vesselplus.com\/no\/\",\"name\":\"Vessel Plus Blog\",\"description\":\"vesselplus.com\",\"publisher\":{\"@id\":\"https:\/\/blog.vesselplus.com\/no\/#organization\"},\"potentialAction\":[{\"@type\":\"SearchAction\",\"target\":{\"@type\":\"EntryPoint\",\"urlTemplate\":\"https:\/\/blog.vesselplus.com\/no\/?s={search_term_string}\"},\"query-input\":{\"@type\":\"PropertyValueSpecification\",\"valueRequired\":true,\"valueName\":\"search_term_string\"}}],\"inLanguage\":\"nb-NO\"},{\"@type\":\"Organization\",\"@id\":\"https:\/\/blog.vesselplus.com\/no\/#organization\",\"name\":\"Vessel Plus AS\",\"url\":\"https:\/\/blog.vesselplus.com\/no\/\",\"logo\":{\"@type\":\"ImageObject\",\"inLanguage\":\"nb-NO\",\"@id\":\"https:\/\/blog.vesselplus.com\/no\/#\/schema\/logo\/image\/\",\"url\":\"https:\/\/blog.vesselplus.com\/wp-content\/uploads\/2025\/04\/Vessel-Plus-Logo-Large.png\",\"contentUrl\":\"https:\/\/blog.vesselplus.com\/wp-content\/uploads\/2025\/04\/Vessel-Plus-Logo-Large.png\",\"width\":432,\"height\":501,\"caption\":\"Vessel Plus AS\"},\"image\":{\"@id\":\"https:\/\/blog.vesselplus.com\/no\/#\/schema\/logo\/image\/\"},\"sameAs\":[\"https:\/\/www.facebook.com\/vesselplus\",\"https:\/\/x.com\/vesselplus\"]}]}<\/script>\n<!-- \/ Yoast SEO plugin. -->","yoast_head_json":{"title":"Kurs - Vessel Plus Blog","robots":{"index":"index","follow":"follow","max-snippet":"max-snippet:-1","max-image-preview":"max-image-preview:large","max-video-preview":"max-video-preview:-1"},"canonical":"https:\/\/blog.vesselplus.com\/no\/kurs-liste\/","og_locale":"nb_NO","og_type":"article","og_title":"Kurs - Vessel Plus Blog","og_description":"Gjennom \u00e5 tilby kurs \u00f8nsker Vessel Plus \u00e5 styrke kompetansen og sikkerhetskulturen i maritim n\u00e6ring ved \u00e5 gj\u00f8re relevant kunnskap","og_url":"https:\/\/blog.vesselplus.com\/no\/kurs-liste\/","og_site_name":"Vessel Plus Blog","article_publisher":"https:\/\/www.facebook.com\/vesselplus","article_modified_time":"2025-04-07T20:11:57+00:00","og_image":[{"width":1880,"height":1253,"url":"https:\/\/blog.vesselplus.com\/wp-content\/uploads\/2025\/04\/pexels-photo-31113253.jpeg","type":"image\/jpeg"}],"twitter_card":"summary_large_image","twitter_site":"@vesselplus","twitter_misc":{"Ansl. lesetid":"1 minutt"},"schema":{"@context":"https:\/\/schema.org","@graph":[{"@type":"WebPage","@id":"https:\/\/blog.vesselplus.com\/no\/kurs-liste\/","url":"https:\/\/blog.vesselplus.com\/no\/kurs-liste\/","name":"Kurs - Vessel Plus Blog","isPartOf":{"@id":"https:\/\/blog.vesselplus.com\/no\/#website"},"primaryImageOfPage":{"@id":"https:\/\/blog.vesselplus.com\/no\/kurs-liste\/#primaryimage"},"image":{"@id":"https:\/\/blog.vesselplus.com\/no\/kurs-liste\/#primaryimage"},"thumbnailUrl":"https:\/\/blog.vesselplus.com\/wp-content\/uploads\/2025\/04\/pexels-photo-31113253.jpeg","datePublished":"2025-04-04T11:37:21+00:00","dateModified":"2025-04-07T20:11:57+00:00","breadcrumb":{"@id":"https:\/\/blog.vesselplus.com\/no\/kurs-liste\/#breadcrumb"},"inLanguage":"nb-NO","potentialAction":[{"@type":"ReadAction","target":["https:\/\/blog.vesselplus.com\/no\/kurs-liste\/"]}]},{"@type":"ImageObject","inLanguage":"nb-NO","@id":"https:\/\/blog.vesselplus.com\/no\/kurs-liste\/#primaryimage","url":"https:\/\/blog.vesselplus.com\/wp-content\/uploads\/2025\/04\/pexels-photo-31113253.jpeg","contentUrl":"https:\/\/blog.vesselplus.com\/wp-content\/uploads\/2025\/04\/pexels-photo-31113253.jpeg","width":1880,"height":1253,"caption":"Photo by Efrem Efre on Pexels.com"},{"@type":"BreadcrumbList","@id":"https:\/\/blog.vesselplus.com\/no\/kurs-liste\/#breadcrumb","itemListElement":[{"@type":"ListItem","position":1,"name":"Home","item":"https:\/\/blog.vesselplus.com\/no\/"},{"@type":"ListItem","position":2,"name":"Kurs"}]},{"@type":"WebSite","@id":"https:\/\/blog.vesselplus.com\/no\/#website","url":"https:\/\/blog.vesselplus.com\/no\/","name":"Vessel Plus Blog","description":"vesselplus.com","publisher":{"@id":"https:\/\/blog.vesselplus.com\/no\/#organization"},"potentialAction":[{"@type":"SearchAction","target":{"@type":"EntryPoint","urlTemplate":"https:\/\/blog.vesselplus.com\/no\/?s={search_term_string}"},"query-input":{"@type":"PropertyValueSpecification","valueRequired":true,"valueName":"search_term_string"}}],"inLanguage":"nb-NO"},{"@type":"Organization","@id":"https:\/\/blog.vesselplus.com\/no\/#organization","name":"Vessel Plus AS","url":"https:\/\/blog.vesselplus.com\/no\/","logo":{"@type":"ImageObject","inLanguage":"nb-NO","@id":"https:\/\/blog.vesselplus.com\/no\/#\/schema\/logo\/image\/","url":"https:\/\/blog.vesselplus.com\/wp-content\/uploads\/2025\/04\/Vessel-Plus-Logo-Large.png","contentUrl":"https:\/\/blog.vesselplus.com\/wp-content\/uploads\/2025\/04\/Vessel-Plus-Logo-Large.png","width":432,"height":501,"caption":"Vessel Plus AS"},"image":{"@id":"https:\/\/blog.vesselplus.com\/no\/#\/schema\/logo\/image\/"},"sameAs":["https:\/\/www.facebook.com\/vesselplus","https:\/\/x.com\/vesselplus"]}]}},"_links":{"self":[{"href":"https:\/\/blog.vesselplus.com\/no\/wp-json\/wp\/v2\/pages\/5313","targetHints":{"allow":["GET"]}}],"collection":[{"href":"https:\/\/blog.vesselplus.com\/no\/wp-json\/wp\/v2\/pages"}],"about":[{"href":"https:\/\/blog.vesselplus.com\/no\/wp-json\/wp\/v2\/types\/page"}],"author":[{"embeddable":true,"href":"https:\/\/blog.vesselplus.com\/no\/wp-json\/wp\/v2\/users\/1"}],"replies":[{"embeddable":true,"href":"https:\/\/blog.vesselplus.com\/no\/wp-json\/wp\/v2\/comments?post=5313"}],"version-history":[{"count":5,"href":"https:\/\/blog.vesselplus.com\/no\/wp-json\/wp\/v2\/pages\/5313\/revisions"}],"predecessor-version":[{"id":7540,"href":"https:\/\/blog.vesselplus.com\/no\/wp-json\/wp\/v2\/pages\/5313\/revisions\/7540"}],"wp:featuredmedia":[{"embeddable":true,"href":"https:\/\/blog.vesselplus.com\/no\/wp-json\/wp\/v2\/media\/5321"}],"wp:attachment":[{"href":"https:\/\/blog.vesselplus.com\/no\/wp-json\/wp\/v2\/media?parent=5313"}],"curies":[{"name":"wp","href":"https:\/\/api.w.org\/{rel}","templated":true}]}}