{"id":7723,"date":"2025-04-08T21:49:02","date_gmt":"2025-04-08T19:49:02","guid":{"rendered":"https:\/\/blog.vesselplus.com\/?page_id=7723"},"modified":"2025-04-09T09:01:14","modified_gmt":"2025-04-09T07:01:14","slug":"om-oss","status":"publish","type":"page","link":"https:\/\/blog.vesselplus.com\/no\/om-oss\/","title":{"rendered":"Om oss"},"content":{"rendered":"\t\t<div data-elementor-type=\"wp-page\" data-elementor-id=\"7723\" class=\"elementor elementor-7723\">\n\t\t\t\t<div class=\"elementor-element elementor-element-138b4ea e-flex e-con-boxed e-con e-parent\" data-id=\"138b4ea\" data-element_type=\"container\">\n\t\t\t\t\t<div class=\"e-con-inner\">\n\t\t\t\t<div class=\"elementor-element elementor-element-d6e8c2e elementor-widget elementor-widget-heading\" data-id=\"d6e8c2e\" data-element_type=\"widget\" data-widget_type=\"heading.default\">\n\t\t\t\t<div class=\"elementor-widget-container\">\n\t\t\t\t\t<h4 class=\"elementor-heading-title elementor-size-default\">Vessel Plus<\/h4>\t\t\t\t<\/div>\n\t\t\t\t<\/div>\n\t\t\t\t\t<\/div>\n\t\t\t\t<\/div>\n\t\t<div class=\"elementor-element elementor-element-cca32ad e-flex e-con-boxed e-con e-parent\" data-id=\"cca32ad\" data-element_type=\"container\">\n\t\t\t\t\t<div class=\"e-con-inner\">\n\t\t\t\t<div class=\"elementor-element elementor-element-22348a3 elementor-widget elementor-widget-heading\" data-id=\"22348a3\" data-element_type=\"widget\" data-widget_type=\"heading.default\">\n\t\t\t\t<div class=\"elementor-widget-container\">\n\t\t\t\t\t<h2 class=\"elementor-heading-title elementor-size-default\">Komplett ISM-system i lomma\u200b<\/h2>\t\t\t\t<\/div>\n\t\t\t\t<\/div>\n\t\t\t\t<div class=\"elementor-element elementor-element-177ff16 elementor-widget__width-inherit elementor-widget elementor-widget-image\" data-id=\"177ff16\" data-element_type=\"widget\" data-widget_type=\"image.default\">\n\t\t\t\t<div class=\"elementor-widget-container\">\n\t\t\t\t\t\t\t\t\t\t\t\t\t\t\t<img fetchpriority=\"high\" decoding=\"async\" width=\"5000\" height=\"3333\" src=\"https:\/\/blog.vesselplus.com\/wp-content\/uploads\/2025\/01\/Vessel-Plus-works-on-any-device.png\" class=\"attachment-full size-full wp-image-5355\" alt=\"\" srcset=\"https:\/\/blog.vesselplus.com\/wp-content\/uploads\/2025\/01\/Vessel-Plus-works-on-any-device.png 5000w, https:\/\/blog.vesselplus.com\/wp-content\/uploads\/2025\/01\/Vessel-Plus-works-on-any-device-300x200.png 300w, https:\/\/blog.vesselplus.com\/wp-content\/uploads\/2025\/01\/Vessel-Plus-works-on-any-device-1024x683.png 1024w, https:\/\/blog.vesselplus.com\/wp-content\/uploads\/2025\/01\/Vessel-Plus-works-on-any-device-768x512.png 768w, https:\/\/blog.vesselplus.com\/wp-content\/uploads\/2025\/01\/Vessel-Plus-works-on-any-device-1536x1024.png 1536w, https:\/\/blog.vesselplus.com\/wp-content\/uploads\/2025\/01\/Vessel-Plus-works-on-any-device-2048x1365.png 2048w\" sizes=\"(max-width: 5000px) 100vw, 5000px\" \/>\t\t\t\t\t\t\t\t\t\t\t\t\t\t\t<\/div>\n\t\t\t\t<\/div>\n\t\t<div class=\"elementor-element elementor-element-e03fe72 e-con-full e-flex e-con e-child\" data-id=\"e03fe72\" data-element_type=\"container\">\n\t\t<div class=\"elementor-element elementor-element-cbdf409 e-grid e-con-full e-con e-child\" data-id=\"cbdf409\" data-element_type=\"container\">\n\t\t\t\t<div class=\"elementor-element elementor-element-5e4ccee elementor-widget elementor-widget-text-editor\" data-id=\"5e4ccee\" data-element_type=\"widget\" data-widget_type=\"text-editor.default\">\n\t\t\t\t<div class=\"elementor-widget-container\">\n\t\t\t\t\t\t\t\t\t<div class=\"uagb-ifb-title-wrap\">\n<p class=\"uagb-ifb-title-prefix\">01<\/p>\n<h3 class=\"uagb-ifb-title\">Vedlikehold<\/h3>\n<\/div>\n<p class=\"uagb-ifb-desc\">Registrer fart\u00f8yets utstyr og motta varsler n\u00e5r det er tid for service, funksjonstesting og fornyelse.<\/p>\t\t\t\t\t\t\t\t<\/div>\n\t\t\t\t<\/div>\n\t\t\t\t<div class=\"elementor-element elementor-element-0479772 elementor-widget elementor-widget-text-editor\" data-id=\"0479772\" data-element_type=\"widget\" data-widget_type=\"text-editor.default\">\n\t\t\t\t<div class=\"elementor-widget-container\">\n\t\t\t\t\t\t\t\t\t<div class=\"uagb-ifb-title-wrap\">\n<p class=\"uagb-ifb-title-prefix\">02<\/p>\n<h3 class=\"uagb-ifb-title\">Risikovurdering<\/h3>\n<\/div>\n<p class=\"uagb-ifb-desc\">Kartlegg risikoelementer og farer knyttet til oppgaver om bord p\u00e5 fart\u00f8yet for \u00e5 redusere sjansen for ulykker.<\/p>\t\t\t\t\t\t\t\t<\/div>\n\t\t\t\t<\/div>\n\t\t\t\t<div class=\"elementor-element elementor-element-a36081f elementor-widget elementor-widget-text-editor\" data-id=\"a36081f\" data-element_type=\"widget\" data-widget_type=\"text-editor.default\">\n\t\t\t\t<div class=\"elementor-widget-container\">\n\t\t\t\t\t\t\t\t\t<div class=\"uagb-ifb-title-wrap\">\n<p class=\"uagb-ifb-title-prefix\">03<\/p>\n<h3 class=\"uagb-ifb-title\">Dokumenter<\/h3>\n<\/div>\n<p class=\"uagb-ifb-desc\">Last opp og f\u00e5 full kontroll over fart\u00f8yets planer, prosedyrer og andre viktige dokumenter &#8211; eller skriv dem med v\u00e5r intuitive editor.<\/p>\t\t\t\t\t\t\t\t<\/div>\n\t\t\t\t<\/div>\n\t\t\t\t<div class=\"elementor-element elementor-element-fd60ceb elementor-widget elementor-widget-text-editor\" data-id=\"fd60ceb\" data-element_type=\"widget\" data-widget_type=\"text-editor.default\">\n\t\t\t\t<div class=\"elementor-widget-container\">\n\t\t\t\t\t\t\t\t\t<p>04<\/p>\n<h3>Mannskap<\/h3>\n<p>Legg til mannskapsmedlemmer, tildel oppgaver, last opp dokumenter og mer.<\/p>\t\t\t\t\t\t\t\t<\/div>\n\t\t\t\t<\/div>\n\t\t\t\t<div class=\"elementor-element elementor-element-dff3190 elementor-widget elementor-widget-text-editor\" data-id=\"dff3190\" data-element_type=\"widget\" data-widget_type=\"text-editor.default\">\n\t\t\t\t<div class=\"elementor-widget-container\">\n\t\t\t\t\t\t\t\t\t<p>05<\/p>\n<h3>Kurs &amp; oppl\u00e6ring<\/h3>\n<p>S\u00f8rg for at mannskapet er oppdatert med all informasjon og prosedyrer om bord med v\u00e5r brukervennlige kurseditor.<\/p>\t\t\t\t\t\t\t\t<\/div>\n\t\t\t\t<\/div>\n\t\t\t\t<div class=\"elementor-element elementor-element-aaf0051 elementor-widget elementor-widget-text-editor\" data-id=\"aaf0051\" data-element_type=\"widget\" data-widget_type=\"text-editor.default\">\n\t\t\t\t<div class=\"elementor-widget-container\">\n\t\t\t\t\t\t\t\t\t<p>06<\/p>\n<h3>Sjekklister<\/h3>\n<p>Opprett vedlikeholdslistene, tildel oppgaver til mannskapet og motta varsler n\u00e5r oppgaver skal utf\u00f8res.<\/p>\t\t\t\t\t\t\t\t<\/div>\n\t\t\t\t<\/div>\n\t\t\t\t<div class=\"elementor-element elementor-element-284072b elementor-widget elementor-widget-text-editor\" data-id=\"284072b\" data-element_type=\"widget\" data-widget_type=\"text-editor.default\">\n\t\t\t\t<div class=\"elementor-widget-container\">\n\t\t\t\t\t\t\t\t\t<p>07<\/p>\n<h3>Avvik<\/h3>\n<p>Rapporter avvik som kan forekomme i forbindelse med arbeidsrelaterte oppgaver om bord p\u00e5 fart\u00f8yet.<\/p>\t\t\t\t\t\t\t\t<\/div>\n\t\t\t\t<\/div>\n\t\t\t\t<div class=\"elementor-element elementor-element-31d6d16 elementor-widget elementor-widget-text-editor\" data-id=\"31d6d16\" data-element_type=\"widget\" data-widget_type=\"text-editor.default\">\n\t\t\t\t<div class=\"elementor-widget-container\">\n\t\t\t\t\t\t\t\t\t<p>08<\/p>\n<h3>Rapportering<\/h3>\n<p>Generer og last ned PDF-rapporter som gir deg oversikt over alle vedlikeholdsoppgaver og data p\u00e5 fart\u00f8yene dine.<\/p>\t\t\t\t\t\t\t\t<\/div>\n\t\t\t\t<\/div>\n\t\t\t\t<div class=\"elementor-element elementor-element-2162807 elementor-widget elementor-widget-text-editor\" data-id=\"2162807\" data-element_type=\"widget\" data-widget_type=\"text-editor.default\">\n\t\t\t\t<div class=\"elementor-widget-container\">\n\t\t\t\t\t\t\t\t\t<p>09<\/p>\n<h3>Varsler<\/h3>\n<p>Motta varsler p\u00e5 e-post n\u00e5r utstyr trenger service eller inspeksjon eller n\u00e5r oppgaver forfaller.<\/p>\t\t\t\t\t\t\t\t<\/div>\n\t\t\t\t<\/div>\n\t\t\t\t<\/div>\n\t\t\t\t<div class=\"elementor-element elementor-element-135c5ca elementor-align-center elementor-widget elementor-widget-button\" data-id=\"135c5ca\" data-element_type=\"widget\" data-widget_type=\"button.default\">\n\t\t\t\t<div class=\"elementor-widget-container\">\n\t\t\t\t\t\t\t\t\t<div class=\"elementor-button-wrapper\">\n\t\t\t\t\t<a class=\"elementor-button elementor-button-link elementor-size-sm\" href=\"https:\/\/www.vesselplus.com\/signup\">\n\t\t\t\t\t\t<span class=\"elementor-button-content-wrapper\">\n\t\t\t\t\t\t\t\t\t<span class=\"elementor-button-text\">Pr\u00f8v gratis i dag<\/span>\n\t\t\t\t\t<\/span>\n\t\t\t\t\t<\/a>\n\t\t\t\t<\/div>\n\t\t\t\t\t\t\t\t<\/div>\n\t\t\t\t<\/div>\n\t\t\t\t<\/div>\n\t\t\t\t\t<\/div>\n\t\t\t\t<\/div>\n\t\t\t\t<\/div>\n\t\t","protected":false},"excerpt":{"rendered":"<p>Vessel Plus Komplett ISM-system i lomma\u200b 01 Vedlikehold Registrer fart\u00f8yets utstyr og motta varsler n\u00e5r det er tid for service,<\/p>\n","protected":false},"author":1,"featured_media":0,"parent":0,"menu_order":0,"comment_status":"closed","ping_status":"closed","template":"","meta":{"_tutorstarter_page_metadata":[],"footnotes":""},"class_list":["post-7723","page","type-page","status-publish","hentry"],"yoast_head":"<!-- This site is optimized with the Yoast SEO plugin v24.9 - https:\/\/yoast.com\/wordpress\/plugins\/seo\/ -->\n<title>Om oss - Vessel Plus Blog<\/title>\n<meta name=\"robots\" content=\"index, follow, max-snippet:-1, max-image-preview:large, max-video-preview:-1\" \/>\n<link rel=\"canonical\" href=\"https:\/\/blog.vesselplus.com\/no\/om-oss\/\" \/>\n<meta property=\"og:locale\" content=\"nb_NO\" \/>\n<meta property=\"og:type\" content=\"article\" \/>\n<meta property=\"og:title\" content=\"Om oss - Vessel Plus Blog\" \/>\n<meta property=\"og:description\" content=\"Vessel Plus Komplett ISM-system i lomma\u200b 01 Vedlikehold Registrer fart\u00f8yets utstyr og motta varsler n\u00e5r det er tid for service,\" \/>\n<meta property=\"og:url\" content=\"https:\/\/blog.vesselplus.com\/no\/om-oss\/\" \/>\n<meta property=\"og:site_name\" content=\"Vessel Plus Blog\" \/>\n<meta property=\"article:publisher\" content=\"https:\/\/www.facebook.com\/vesselplus\" \/>\n<meta property=\"article:modified_time\" content=\"2025-04-09T07:01:14+00:00\" \/>\n<meta property=\"og:image\" content=\"https:\/\/blog.vesselplus.com\/wp-content\/uploads\/2025\/01\/Vessel-Plus-works-on-any-device.png\" \/>\n<meta name=\"twitter:card\" content=\"summary_large_image\" \/>\n<meta name=\"twitter:site\" content=\"@vesselplus\" \/>\n<meta name=\"twitter:label1\" content=\"Ansl. lesetid\" \/>\n\t<meta name=\"twitter:data1\" content=\"1 minutt\" \/>\n<script type=\"application\/ld+json\" class=\"yoast-schema-graph\">{\"@context\":\"https:\/\/schema.org\",\"@graph\":[{\"@type\":\"WebPage\",\"@id\":\"https:\/\/blog.vesselplus.com\/no\/om-oss\/\",\"url\":\"https:\/\/blog.vesselplus.com\/no\/om-oss\/\",\"name\":\"Om oss - Vessel Plus Blog\",\"isPartOf\":{\"@id\":\"https:\/\/blog.vesselplus.com\/no\/#website\"},\"primaryImageOfPage\":{\"@id\":\"https:\/\/blog.vesselplus.com\/no\/om-oss\/#primaryimage\"},\"image\":{\"@id\":\"https:\/\/blog.vesselplus.com\/no\/om-oss\/#primaryimage\"},\"thumbnailUrl\":\"https:\/\/blog.vesselplus.com\/wp-content\/uploads\/2025\/01\/Vessel-Plus-works-on-any-device.png\",\"datePublished\":\"2025-04-08T19:49:02+00:00\",\"dateModified\":\"2025-04-09T07:01:14+00:00\",\"breadcrumb\":{\"@id\":\"https:\/\/blog.vesselplus.com\/no\/om-oss\/#breadcrumb\"},\"inLanguage\":\"nb-NO\",\"potentialAction\":[{\"@type\":\"ReadAction\",\"target\":[\"https:\/\/blog.vesselplus.com\/no\/om-oss\/\"]}]},{\"@type\":\"ImageObject\",\"inLanguage\":\"nb-NO\",\"@id\":\"https:\/\/blog.vesselplus.com\/no\/om-oss\/#primaryimage\",\"url\":\"https:\/\/blog.vesselplus.com\/wp-content\/uploads\/2025\/01\/Vessel-Plus-works-on-any-device.png\",\"contentUrl\":\"https:\/\/blog.vesselplus.com\/wp-content\/uploads\/2025\/01\/Vessel-Plus-works-on-any-device.png\"},{\"@type\":\"BreadcrumbList\",\"@id\":\"https:\/\/blog.vesselplus.com\/no\/om-oss\/#breadcrumb\",\"itemListElement\":[{\"@type\":\"ListItem\",\"position\":1,\"name\":\"Home\",\"item\":\"https:\/\/blog.vesselplus.com\/no\/\"},{\"@type\":\"ListItem\",\"position\":2,\"name\":\"Om oss\"}]},{\"@type\":\"WebSite\",\"@id\":\"https:\/\/blog.vesselplus.com\/no\/#website\",\"url\":\"https:\/\/blog.vesselplus.com\/no\/\",\"name\":\"Vessel Plus Blog\",\"description\":\"vesselplus.com\",\"publisher\":{\"@id\":\"https:\/\/blog.vesselplus.com\/no\/#organization\"},\"potentialAction\":[{\"@type\":\"SearchAction\",\"target\":{\"@type\":\"EntryPoint\",\"urlTemplate\":\"https:\/\/blog.vesselplus.com\/no\/?s={search_term_string}\"},\"query-input\":{\"@type\":\"PropertyValueSpecification\",\"valueRequired\":true,\"valueName\":\"search_term_string\"}}],\"inLanguage\":\"nb-NO\"},{\"@type\":\"Organization\",\"@id\":\"https:\/\/blog.vesselplus.com\/no\/#organization\",\"name\":\"Vessel Plus AS\",\"url\":\"https:\/\/blog.vesselplus.com\/no\/\",\"logo\":{\"@type\":\"ImageObject\",\"inLanguage\":\"nb-NO\",\"@id\":\"https:\/\/blog.vesselplus.com\/no\/#\/schema\/logo\/image\/\",\"url\":\"https:\/\/blog.vesselplus.com\/wp-content\/uploads\/2025\/04\/Vessel-Plus-Logo-Large.png\",\"contentUrl\":\"https:\/\/blog.vesselplus.com\/wp-content\/uploads\/2025\/04\/Vessel-Plus-Logo-Large.png\",\"width\":432,\"height\":501,\"caption\":\"Vessel Plus AS\"},\"image\":{\"@id\":\"https:\/\/blog.vesselplus.com\/no\/#\/schema\/logo\/image\/\"},\"sameAs\":[\"https:\/\/www.facebook.com\/vesselplus\",\"https:\/\/x.com\/vesselplus\"]}]}<\/script>\n<!-- \/ Yoast SEO plugin. -->","yoast_head_json":{"title":"Om oss - Vessel Plus Blog","robots":{"index":"index","follow":"follow","max-snippet":"max-snippet:-1","max-image-preview":"max-image-preview:large","max-video-preview":"max-video-preview:-1"},"canonical":"https:\/\/blog.vesselplus.com\/no\/om-oss\/","og_locale":"nb_NO","og_type":"article","og_title":"Om oss - Vessel Plus Blog","og_description":"Vessel Plus Komplett ISM-system i lomma\u200b 01 Vedlikehold Registrer fart\u00f8yets utstyr og motta varsler n\u00e5r det er tid for service,","og_url":"https:\/\/blog.vesselplus.com\/no\/om-oss\/","og_site_name":"Vessel Plus Blog","article_publisher":"https:\/\/www.facebook.com\/vesselplus","article_modified_time":"2025-04-09T07:01:14+00:00","og_image":[{"url":"https:\/\/blog.vesselplus.com\/wp-content\/uploads\/2025\/01\/Vessel-Plus-works-on-any-device.png","type":"","width":"","height":""}],"twitter_card":"summary_large_image","twitter_site":"@vesselplus","twitter_misc":{"Ansl. lesetid":"1 minutt"},"schema":{"@context":"https:\/\/schema.org","@graph":[{"@type":"WebPage","@id":"https:\/\/blog.vesselplus.com\/no\/om-oss\/","url":"https:\/\/blog.vesselplus.com\/no\/om-oss\/","name":"Om oss - Vessel Plus Blog","isPartOf":{"@id":"https:\/\/blog.vesselplus.com\/no\/#website"},"primaryImageOfPage":{"@id":"https:\/\/blog.vesselplus.com\/no\/om-oss\/#primaryimage"},"image":{"@id":"https:\/\/blog.vesselplus.com\/no\/om-oss\/#primaryimage"},"thumbnailUrl":"https:\/\/blog.vesselplus.com\/wp-content\/uploads\/2025\/01\/Vessel-Plus-works-on-any-device.png","datePublished":"2025-04-08T19:49:02+00:00","dateModified":"2025-04-09T07:01:14+00:00","breadcrumb":{"@id":"https:\/\/blog.vesselplus.com\/no\/om-oss\/#breadcrumb"},"inLanguage":"nb-NO","potentialAction":[{"@type":"ReadAction","target":["https:\/\/blog.vesselplus.com\/no\/om-oss\/"]}]},{"@type":"ImageObject","inLanguage":"nb-NO","@id":"https:\/\/blog.vesselplus.com\/no\/om-oss\/#primaryimage","url":"https:\/\/blog.vesselplus.com\/wp-content\/uploads\/2025\/01\/Vessel-Plus-works-on-any-device.png","contentUrl":"https:\/\/blog.vesselplus.com\/wp-content\/uploads\/2025\/01\/Vessel-Plus-works-on-any-device.png"},{"@type":"BreadcrumbList","@id":"https:\/\/blog.vesselplus.com\/no\/om-oss\/#breadcrumb","itemListElement":[{"@type":"ListItem","position":1,"name":"Home","item":"https:\/\/blog.vesselplus.com\/no\/"},{"@type":"ListItem","position":2,"name":"Om oss"}]},{"@type":"WebSite","@id":"https:\/\/blog.vesselplus.com\/no\/#website","url":"https:\/\/blog.vesselplus.com\/no\/","name":"Vessel Plus Blog","description":"vesselplus.com","publisher":{"@id":"https:\/\/blog.vesselplus.com\/no\/#organization"},"potentialAction":[{"@type":"SearchAction","target":{"@type":"EntryPoint","urlTemplate":"https:\/\/blog.vesselplus.com\/no\/?s={search_term_string}"},"query-input":{"@type":"PropertyValueSpecification","valueRequired":true,"valueName":"search_term_string"}}],"inLanguage":"nb-NO"},{"@type":"Organization","@id":"https:\/\/blog.vesselplus.com\/no\/#organization","name":"Vessel Plus AS","url":"https:\/\/blog.vesselplus.com\/no\/","logo":{"@type":"ImageObject","inLanguage":"nb-NO","@id":"https:\/\/blog.vesselplus.com\/no\/#\/schema\/logo\/image\/","url":"https:\/\/blog.vesselplus.com\/wp-content\/uploads\/2025\/04\/Vessel-Plus-Logo-Large.png","contentUrl":"https:\/\/blog.vesselplus.com\/wp-content\/uploads\/2025\/04\/Vessel-Plus-Logo-Large.png","width":432,"height":501,"caption":"Vessel Plus AS"},"image":{"@id":"https:\/\/blog.vesselplus.com\/no\/#\/schema\/logo\/image\/"},"sameAs":["https:\/\/www.facebook.com\/vesselplus","https:\/\/x.com\/vesselplus"]}]}},"_links":{"self":[{"href":"https:\/\/blog.vesselplus.com\/no\/wp-json\/wp\/v2\/pages\/7723","targetHints":{"allow":["GET"]}}],"collection":[{"href":"https:\/\/blog.vesselplus.com\/no\/wp-json\/wp\/v2\/pages"}],"about":[{"href":"https:\/\/blog.vesselplus.com\/no\/wp-json\/wp\/v2\/types\/page"}],"author":[{"embeddable":true,"href":"https:\/\/blog.vesselplus.com\/no\/wp-json\/wp\/v2\/users\/1"}],"replies":[{"embeddable":true,"href":"https:\/\/blog.vesselplus.com\/no\/wp-json\/wp\/v2\/comments?post=7723"}],"version-history":[{"count":7,"href":"https:\/\/blog.vesselplus.com\/no\/wp-json\/wp\/v2\/pages\/7723\/revisions"}],"predecessor-version":[{"id":7735,"href":"https:\/\/blog.vesselplus.com\/no\/wp-json\/wp\/v2\/pages\/7723\/revisions\/7735"}],"wp:attachment":[{"href":"https:\/\/blog.vesselplus.com\/no\/wp-json\/wp\/v2\/media?parent=7723"}],"curies":[{"name":"wp","href":"https:\/\/api.w.org\/{rel}","templated":true}]}}